{"id":340,"date":"2023-06-07T17:22:36","date_gmt":"2023-06-07T17:22:36","guid":{"rendered":"http:\/\/bezuga.com\/?page_id=340"},"modified":"2023-06-07T17:36:13","modified_gmt":"2023-06-07T17:36:13","slug":"politica-de-cookies","status":"publish","type":"page","link":"https:\/\/bezuga.com\/en\/politica-de-cookies\/","title":{"rendered":"Pol\u00edtica de Cookies"},"content":{"rendered":"<div data-elementor-type=\"wp-page\" data-elementor-id=\"340\" class=\"elementor elementor-340\" data-elementor-post-type=\"page\">\n\t\t\t\t\t\t\t\t\t<section class=\"elementor-section elementor-top-section elementor-element elementor-element-89cdffa elementor-section-boxed elementor-section-height-default elementor-section-height-default\" data-id=\"89cdffa\" data-element_type=\"section\">\n\t\t\t\t\t\t<div class=\"elementor-container elementor-column-gap-default\">\n\t\t\t\t\t<div class=\"elementor-column elementor-col-100 elementor-top-column elementor-element elementor-element-6dea076d\" data-id=\"6dea076d\" data-element_type=\"column\">\n\t\t\t<div class=\"elementor-widget-wrap elementor-element-populated\">\n\t\t\t\t\t\t\t\t<div class=\"elementor-element elementor-element-6ded23c elementor-widget elementor-widget-text-editor\" data-id=\"6ded23c\" data-element_type=\"widget\" data-widget_type=\"text-editor.default\">\n\t\t\t\t<div class=\"elementor-widget-container\">\n\t\t\t<style>\/*! elementor - v3.18.0 - 06-12-2023 *\/\n.elementor-widget-text-editor.elementor-drop-cap-view-stacked .elementor-drop-cap{background-color:#69727d;color:#fff}.elementor-widget-text-editor.elementor-drop-cap-view-framed .elementor-drop-cap{color:#69727d;border:3px solid;background-color:transparent}.elementor-widget-text-editor:not(.elementor-drop-cap-view-default) .elementor-drop-cap{margin-top:8px}.elementor-widget-text-editor:not(.elementor-drop-cap-view-default) .elementor-drop-cap-letter{width:1em;height:1em}.elementor-widget-text-editor .elementor-drop-cap{float:left;text-align:center;line-height:1;font-size:50px}.elementor-widget-text-editor .elementor-drop-cap-letter{display:inline-block}<\/style>\t\t\t\t<p><!-- wp:paragraph --><\/p>\n<p>O nosso website utiliza cookies para melhorar a sua experi\u00eancia de navega\u00e7\u00e3o e fornecer servi\u00e7os personalizados. Esta Pol\u00edtica de Cookies explica como utilizamos cookies e tecnologias similares no website BezugaContent. Ao continuar a utilizar o nosso site, voc\u00ea concorda com o uso de cookies de acordo com esta pol\u00edtica.<\/p>\n<p><!-- \/wp:paragraph --><\/p>\n<p><!-- wp:paragraph --><\/p>\n<p>O que s\u00e3o cookies? Cookies s\u00e3o pequenos arquivos de texto que s\u00e3o armazenados no seu dispositivo quando voc\u00ea visita um site. Eles cont\u00eam informa\u00e7\u00f5es que s\u00e3o transferidas para o seu dispositivo e podem ser lidos pelo navegador. Os cookies desempenham fun\u00e7\u00f5es importantes, como lembrar suas prefer\u00eancias, permitir uma navega\u00e7\u00e3o mais eficiente e fornecer informa\u00e7\u00f5es estat\u00edsticas sobre o uso do site.<\/p>\n<p><!-- \/wp:paragraph --><\/p>\n<p><!-- wp:paragraph --><\/p>\n<p>Tipos de cookies que utilizamos:<\/p>\n<p><!-- \/wp:paragraph --><\/p>\n<p><!-- wp:list {\"ordered\":true} --><\/p>\n<ol><!-- wp:list-item --><p><\/p>\n<li>Cookies Necess\u00e1rios: Esses cookies s\u00e3o essenciais para permitir que voc\u00ea navegue no nosso site e use seus recursos, como acessar \u00e1reas seguras do site e realizar transa\u00e7\u00f5es. Sem esses cookies, os servi\u00e7os solicitados por voc\u00ea n\u00e3o podem ser fornecidos.<\/li>\n<p><!-- \/wp:list-item --><\/p>\n<p><!-- wp:list-item --><\/p>\n<li>Cookies de Desempenho: Utilizamos cookies de desempenho para coletar informa\u00e7\u00f5es an\u00f4nimas sobre como os visitantes utilizam o nosso site, como as p\u00e1ginas visitadas, o tempo gasto no site e os erros encontrados. Essas informa\u00e7\u00f5es nos ajudam a melhorar o desempenho e a funcionalidade do site.<\/li>\n<p><!-- \/wp:list-item --><\/p>\n<p><!-- wp:list-item --><\/p>\n<li>Cookies de Funcionalidade: Esses cookies permitem que o site se lembre das suas escolhas e prefer\u00eancias (como o idioma ou regi\u00e3o) para fornecer uma experi\u00eancia mais personalizada. Eles tamb\u00e9m podem ser usados para fornecer servi\u00e7os solicitados por voc\u00ea, como preencher formul\u00e1rios.<\/li>\n<p><!-- \/wp:list-item --><\/p>\n<p><!-- wp:list-item --><\/p>\n<li>Cookies de Publicidade: Utilizamos cookies de publicidade para exibir an\u00fancios relevantes aos visitantes do nosso site. Esses cookies coletam informa\u00e7\u00f5es sobre as suas visitas ao nosso site e a outros sites para fornecer an\u00fancios personalizados com base nos seus interesses.<\/li>\n<p><!-- \/wp:list-item --><\/p><\/ol>\n<p><!-- \/wp:list --><\/p>\n<p><!-- wp:paragraph --><\/p>\n<p>Gerenciamento de cookies: Voc\u00ea pode controlar e gerenciar cookies de v\u00e1rias maneiras. A maioria dos navegadores permite que voc\u00ea recuse ou aceite cookies, altere suas configura\u00e7\u00f5es de cookies e exclua cookies existentes. No entanto, lembre-se de que a desativa\u00e7\u00e3o de cookies pode afetar a funcionalidade do site e a sua experi\u00eancia de navega\u00e7\u00e3o.<\/p>\n<p><!-- \/wp:paragraph --><\/p>\n<p><!-- wp:paragraph --><\/p>\n<p>Links para sites de terceiros: O nosso site pode conter links para sites de terceiros. Esta Pol\u00edtica de Cookies se aplica apenas ao nosso site, portanto, recomendamos que voc\u00ea leia as pol\u00edticas de cookies dos sites vinculados antes de fornecer qualquer informa\u00e7\u00e3o ou aceitar cookies nesses sites.<\/p>\n<p><!-- \/wp:paragraph --><\/p>\n<p><!-- wp:paragraph --><\/p>\n<p>Altera\u00e7\u00f5es a esta Pol\u00edtica de Cookies: Reservamo-nos o direito de atualizar ou modificar esta Pol\u00edtica de Cookies a qualquer momento, mediante publica\u00e7\u00e3o da vers\u00e3o atualizada no nosso site. Recomendamos que voc\u00ea revise periodicamente esta p\u00e1gina para se manter informado sobre quaisquer altera\u00e7\u00f5es.<\/p>\n<p><!-- \/wp:paragraph --><\/p>\n<p><!-- wp:paragraph --><\/p>\n<p>Entre em Contato: Se tiver alguma d\u00favida ou preocupa\u00e7\u00e3o sobre esta Pol\u00edtica de Cookies, entre em contato conosco atrav\u00e9s dos canais fornecidos no nosso site.<\/p>\n<p><!-- \/wp:paragraph --><\/p>\n<p><!-- wp:paragraph --><\/p>\n<p>\u00daltima atualiza\u00e7\u00e3o: 06\/06\/2023<\/p>\n<p><!-- \/wp:paragraph --><\/p>\n<p><!-- wp:paragraph --><\/p>\n<p>Observa\u00e7\u00e3o: Esta \u00e9 apenas uma vers\u00e3o de exemplo e \u00e9 importante personalizar a pol\u00edtica de cookies de acordo com as pr\u00e1ticas e requisitos espec\u00edficos da empresa. \u00c9 recomend\u00e1vel buscar orienta\u00e7\u00e3o jur\u00eddica para garantir que a pol\u00edtica de cookies atenda \u00e0s exig\u00eancias legais e regulamentares aplic\u00e1veis.<\/p>\n<p><!-- \/wp:paragraph --><\/p>\t\t\t\t\t\t<\/div>\n\t\t\t\t<\/div>\n\t\t\t\t\t<\/div>\n\t\t<\/div>\n\t\t\t\t\t\t\t<\/div>\n\t\t<\/section>\n\t\t\t\t\t\t\t<\/div>","protected":false},"excerpt":{"rendered":"<p>O nosso website utiliza cookies para melhorar a sua experi\u00eancia de navega\u00e7\u00e3o e fornecer servi\u00e7os personalizados. Esta Pol\u00edtica de Cookies explica como utilizamos cookies e tecnologias similares no website BezugaContent. Ao continuar a utilizar o nosso site, voc\u00ea concorda com o uso de cookies de acordo com esta pol\u00edtica. O que s\u00e3o cookies? Cookies s\u00e3o [&hellip;]<\/p>","protected":false},"author":1,"featured_media":0,"parent":0,"menu_order":0,"comment_status":"closed","ping_status":"closed","template":"","meta":{"om_disable_all_campaigns":false,"_mi_skip_tracking":false,"_monsterinsights_sitenote_active":false,"_monsterinsights_sitenote_note":"","_monsterinsights_sitenote_category":0,"footnotes":""},"aioseo_notices":[],"_links":{"self":[{"href":"https:\/\/bezuga.com\/en\/wp-json\/wp\/v2\/pages\/340"}],"collection":[{"href":"https:\/\/bezuga.com\/en\/wp-json\/wp\/v2\/pages"}],"about":[{"href":"https:\/\/bezuga.com\/en\/wp-json\/wp\/v2\/types\/page"}],"author":[{"embeddable":true,"href":"https:\/\/bezuga.com\/en\/wp-json\/wp\/v2\/users\/1"}],"replies":[{"embeddable":true,"href":"https:\/\/bezuga.com\/en\/wp-json\/wp\/v2\/comments?post=340"}],"version-history":[{"count":5,"href":"https:\/\/bezuga.com\/en\/wp-json\/wp\/v2\/pages\/340\/revisions"}],"predecessor-version":[{"id":348,"href":"https:\/\/bezuga.com\/en\/wp-json\/wp\/v2\/pages\/340\/revisions\/348"}],"wp:attachment":[{"href":"https:\/\/bezuga.com\/en\/wp-json\/wp\/v2\/media?parent=340"}],"curies":[{"name":"wp","href":"https:\/\/api.w.org\/{rel}","templated":true}]}}